{"id":17,"date":"2022-08-12T13:31:49","date_gmt":"2022-08-12T11:31:49","guid":{"rendered":"http:\/\/telewizjapasazerow.pl\/?page_id=17"},"modified":"2022-08-30T17:48:08","modified_gmt":"2022-08-30T15:48:08","slug":"informacje","status":"publish","type":"page","link":"http:\/\/platformchannel.pl\/?page_id=17","title":{"rendered":"O Nas"},"content":{"rendered":"\n<div class=\"wp-block-cover alignfull\" style=\"min-height:600px;aspect-ratio:unset;\"><span aria-hidden=\"true\" class=\"wp-block-cover__background has-nv-light-bg-background-color has-background-dim-100 has-background-dim\"><\/span><div class=\"wp-block-cover__inner-container is-layout-flow wp-block-cover-is-layout-flow\">\n<div class=\"wp-block-group\"><div class=\"wp-block-group__inner-container is-layout-flow wp-block-group-is-layout-flow\">\n<div style=\"height:80px\" aria-hidden=\"true\" class=\"wp-block-spacer\"><\/div>\n\n\n\n<div class=\"wp-block-columns are-vertically-aligned-center is-layout-flex wp-container-core-columns-is-layout-9d6595d7 wp-block-columns-is-layout-flex\">\n<div class=\"wp-block-column is-vertically-aligned-center is-layout-flow wp-block-column-is-layout-flow\" style=\"flex-basis:45%\">\n<figure class=\"wp-block-image size-large\"><img decoding=\"async\" src=\"http:\/\/telewizjapasazerow.pl\/wp-content\/themes\/neve\/assets\/img\/starter-content\/pcn-03.jpg\" alt=\"\"\/><\/figure>\n<\/div>\n\n\n\n<div class=\"wp-block-column is-vertically-aligned-center is-layout-flow wp-block-column-is-layout-flow\" style=\"flex-basis:45%\">\n<h2 class=\"has-text-color wp-block-heading\" style=\"color:#434343\">Platform Channel<\/h2>\n\n\n\n<p class=\"has-text-color has-medium-font-size\" style=\"color:#434343\">Kim jeste\u015bmy? <strong>Pierwsz\u0105 w Polsce prawdziw\u0105 <\/strong><br><strong>sieci\u0105 Digital Out-Of-Home!<\/strong><\/p>\n\n\n\n<p class=\"has-text-color\" style=\"color:#434343\">Jeste\u015bmy wyj\u0105tkow\u0105 firm\u0105 wype\u0142niaj\u0105c\u0105 luk\u0119 na rynku reklamy zewn\u0119trznej poprzez wyprowadzenie technologii Digital Signage ze sklep\u00f3w, galerii handlowych i innych pomieszcze\u0144 zamkni\u0119tych &#8220;na powietrze&#8221;. Naszym celem jest dotarcie z przekazem do niezmiernie szerokiego grona odbiorc\u00f3w korzystaj\u0105cych na codzie\u0144 z kolejowych po\u0142\u0105cze\u0144 podmiejskich, jak i dalekobie\u017cnych.<\/p>\n<\/div>\n<\/div>\n\n\n\n<div style=\"height:40px\" aria-hidden=\"true\" class=\"wp-block-spacer\"><\/div>\n<\/div><\/div>\n<\/div><\/div>\n\n\n\n<div class=\"wp-block-cover alignfull\" style=\"min-height:600px;aspect-ratio:unset;\"><span aria-hidden=\"true\" class=\"wp-block-cover__background has-background-dim-100 has-background-dim\" style=\"background-color:#434343\"><\/span><div class=\"wp-block-cover__inner-container is-layout-flow wp-block-cover-is-layout-flow\">\n<div class=\"wp-block-group\"><div class=\"wp-block-group__inner-container is-layout-flow wp-block-group-is-layout-flow\">\n<div style=\"height:40px\" aria-hidden=\"true\" class=\"wp-block-spacer\"><\/div>\n\n\n\n<div class=\"wp-block-columns are-vertically-aligned-center is-layout-flex wp-container-core-columns-is-layout-9d6595d7 wp-block-columns-is-layout-flex\">\n<div class=\"wp-block-column is-vertically-aligned-center is-layout-flow wp-block-column-is-layout-flow\" style=\"flex-basis:50%\">\n<h2 class=\"has-nv-text-dark-bg-color has-text-color wp-block-heading\"><strong>Tworzymy wyj\u0105tkowe miejsce reklamy dla wyj\u0105tkowych marek<\/strong>!<\/h2>\n\n\n\n<p class=\"has-nv-text-dark-bg-color has-text-color\">Od momentu powstania prowadzimy badania skuteczno\u015bci, zasiegu jak i postrzegania naszego medium, d\u0105\u017c\u0105c do jak najefektywniejszego wykorzystania Pa\u0144stwa bud\u017cet\u00f3w.<\/p>\n\n\n\n<div style=\"height:20px\" aria-hidden=\"true\" class=\"wp-block-spacer\"><\/div>\n\n\n\n<div class=\"wp-block-buttons is-layout-flex wp-block-buttons-is-layout-flex\">\n<div class=\"wp-block-button is-style-primary\"><a class=\"wp-block-button__link has-nv-site-bg-color has-text-color has-background\" href=\"http:\/\/telewizjapasazerow.pl\/?pagename=contact\" style=\"background-color:#3f4fa2\">SKONTAKTUJ SI\u0118 Z NAMI<\/a><\/div>\n<\/div>\n\n\n\n<div style=\"height:20px\" aria-hidden=\"true\" class=\"wp-block-spacer\"><\/div>\n<\/div>\n\n\n\n<div class=\"wp-block-column is-vertically-aligned-center is-layout-flow wp-block-column-is-layout-flow\" style=\"flex-basis:50%\">\n<figure class=\"wp-block-image size-large\"><img decoding=\"async\" src=\"http:\/\/telewizjapasazerow.pl\/wp-content\/themes\/neve\/assets\/img\/starter-content\/pcn-04.jpg\" alt=\"\"\/><\/figure>\n<\/div>\n<\/div>\n\n\n\n<div style=\"height:40px\" aria-hidden=\"true\" class=\"wp-block-spacer\"><\/div>\n<\/div><\/div>\n<\/div><\/div>\n\n\n\n<div class=\"wp-block-cover alignfull\" style=\"min-height:420px;aspect-ratio:unset;\"><span aria-hidden=\"true\" class=\"wp-block-cover__background has-nv-site-bg-background-color has-background-dim-100 has-background-dim\"><\/span><div class=\"wp-block-cover__inner-container is-layout-flow wp-block-cover-is-layout-flow\">\n<div style=\"height:80px\" aria-hidden=\"true\" class=\"wp-block-spacer\"><\/div>\n\n\n\n<div class=\"wp-block-columns is-layout-flex wp-container-core-columns-is-layout-9d6595d7 wp-block-columns-is-layout-flex\">\n<div class=\"wp-block-column ticss-4ce656f1 is-layout-flow wp-block-column-is-layout-flow\">\n<figure class=\"wp-block-image is-resized icon-style is-style-rounded\"><img loading=\"lazy\" decoding=\"async\" src=\"http:\/\/telewizjapasazerow.pl\/wp-content\/themes\/neve\/assets\/img\/starter-content\/icon-03.svg\" alt=\"\" width=\"48\" height=\"48\"\/><\/figure>\n\n\n\n<h3 class=\"has-text-align-left has-text-align-center has-text-color wp-block-heading\" style=\"color:#434343\">Tre\u015b\u0107<\/h3>\n\n\n\n<p class=\"has-text-align-left has-text-color\" style=\"color:#434343;font-size:15px\">Zaproponowanie podr\u00f3\u017cnemu ciekawej oraz anga\u017cuj\u0105cej tre\u015bci, kt\u00f3ra wype\u0142ni jego czas sp\u0119dzony na peronie.<\/p>\n\n\n\n<div style=\"height:20px\" aria-hidden=\"true\" class=\"wp-block-spacer\"><\/div>\n<\/div>\n\n\n\n<div class=\"wp-block-column ticss-f6fc7494 is-layout-flow wp-block-column-is-layout-flow\">\n<figure class=\"wp-block-image is-resized icon-style is-style-rounded\"><img loading=\"lazy\" decoding=\"async\" src=\"http:\/\/telewizjapasazerow.pl\/wp-content\/themes\/neve\/assets\/img\/starter-content\/icon-03.svg\" alt=\"\" width=\"48\" height=\"48\"\/><\/figure>\n\n\n\n<h3 class=\"has-text-align-left has-text-align-center has-text-color wp-block-heading\" style=\"color:#434343\">Przestrze\u0144<\/h3>\n\n\n\n<p class=\"has-text-align-left has-text-color\" style=\"color:#434343;font-size:15px\">Stworzenie przestrzeni, w kt\u00f3rej bod\u017ace zewn\u0119trzne zostaj\u0105 wy\u0142\u0105czone, co gwarantuje nam pe\u0142ne zaanga\u017cowanie w tre\u015b\u0107 emitowan\u0105 na naszych ekranach.<\/p>\n\n\n\n<div style=\"height:20px\" aria-hidden=\"true\" class=\"wp-block-spacer\"><\/div>\n<\/div>\n\n\n\n<div class=\"wp-block-column ticss-a5b4df29 is-layout-flow wp-block-column-is-layout-flow\">\n<figure class=\"wp-block-image is-resized icon-style is-style-rounded\"><img loading=\"lazy\" decoding=\"async\" src=\"http:\/\/telewizjapasazerow.pl\/wp-content\/themes\/neve\/assets\/img\/starter-content\/icon-03.svg\" alt=\"\" width=\"48\" height=\"48\"\/><\/figure>\n\n\n\n<h3 class=\"has-text-align-left has-text-align-center has-text-color wp-block-heading\" style=\"color:#434343\">Bezkonkurencyjno\u015b\u0107<\/h3>\n\n\n\n<p class=\"has-text-align-left has-text-color\" style=\"color:#434343;font-size:15px\">Jeste\u015bmy <strong>jedynym<\/strong> medium reklamowym &#8211; nie ma innych no\u015bnik\u00f3w reklamowych<br>na Peronach.<\/p>\n\n\n\n<div style=\"height:20px\" aria-hidden=\"true\" class=\"wp-block-spacer\"><\/div>\n<\/div>\n<\/div>\n\n\n\n<div style=\"height:30px\" aria-hidden=\"true\" class=\"wp-block-spacer\"><\/div>\n<\/div><\/div>\n\n\n\n<div class=\"wp-block-cover alignfull\" style=\"min-height:600px;aspect-ratio:unset;\"><span aria-hidden=\"true\" class=\"wp-block-cover__background has-nv-light-bg-background-color has-background-dim-100 has-background-dim\"><\/span><div class=\"wp-block-cover__inner-container is-layout-flow wp-block-cover-is-layout-flow\">\n<div class=\"wp-block-group\"><div class=\"wp-block-group__inner-container is-layout-flow wp-block-group-is-layout-flow\">\n<div style=\"height:40px\" aria-hidden=\"true\" class=\"wp-block-spacer\"><\/div>\n\n\n\n<h2 class=\"has-text-align-center has-text-color wp-block-heading\" style=\"color:#434343\"><strong>TW\u00d3J SUKCES NA NASZYCH EKRANACH<br>W CA\u0141EJ POLSCE!<\/strong><\/h2>\n\n\n\n<figure class=\"wp-block-image alignfull size-large\"><img decoding=\"async\" src=\"http:\/\/telewizjapasazerow.pl\/wp-content\/themes\/neve\/assets\/img\/starter-content\/pcn-02.jpg\" alt=\"\"\/><\/figure>\n\n\n\n<div style=\"height:40px\" aria-hidden=\"true\" class=\"wp-block-spacer\"><\/div>\n\n\n\n<div class=\"wp-block-columns is-layout-flex wp-container-core-columns-is-layout-9d6595d7 wp-block-columns-is-layout-flex\">\n<div class=\"wp-block-column is-layout-flow wp-block-column-is-layout-flow\"><div class=\"wp-block-image icon-style is-style-rounded\">\n<figure class=\"aligncenter is-resized\"><img loading=\"lazy\" decoding=\"async\" src=\"http:\/\/telewizjapasazerow.pl\/wp-content\/themes\/neve\/assets\/img\/starter-content\/icon-03.svg\" alt=\"\" width=\"48\" height=\"48\"\/><\/figure>\n<\/div>\n\n\n<h3 class=\"has-text-align-center has-neve-text-color-color has-text-color wp-block-heading\"><strong>JEDYNA TELEWIZJA PASA\u017bER\u00d3W<\/strong><\/h3>\n\n\n\n<p class=\"has-text-align-center has-neve-text-color-color has-text-color\">Jako jedyni posiadamy no\u015bniki reklamowe na peronach PKP w ca\u0142ej Polsce.<\/p>\n\n\n\n<p class=\"has-text-align-center has-neve-text-color-color has-text-color\"><strong>BRAK INNYCH NO\u015aNIK\u00d3W REKLAMOWYCH NA PERONACH!<\/strong><\/p>\n<\/div>\n\n\n\n<div class=\"wp-block-column is-layout-flow wp-block-column-is-layout-flow\"><div class=\"wp-block-image icon-style is-style-rounded\">\n<figure class=\"aligncenter is-resized\"><img loading=\"lazy\" decoding=\"async\" src=\"http:\/\/telewizjapasazerow.pl\/wp-content\/themes\/neve\/assets\/img\/starter-content\/icon-03.svg\" alt=\"\" width=\"48\" height=\"48\"\/><\/figure>\n<\/div>\n\n\n<h3 class=\"has-text-align-center has-neve-text-color-color has-text-color wp-block-heading\"><strong>15 000 000 WIDZ\u00d3W MIESI\u0118CZNIE<\/strong><\/h3>\n\n\n\n<p class=\"has-text-align-center has-neve-text-color-color has-text-color\">W sezonie czerwiec-sierpie\u0144 <br>powy\u017cej 19 000 000<\/p>\n<\/div>\n\n\n\n<div class=\"wp-block-column is-layout-flow wp-block-column-is-layout-flow\"><div class=\"wp-block-image icon-style is-style-rounded\">\n<figure class=\"aligncenter is-resized\"><img loading=\"lazy\" decoding=\"async\" src=\"http:\/\/telewizjapasazerow.pl\/wp-content\/themes\/neve\/assets\/img\/starter-content\/icon-03.svg\" alt=\"\" width=\"48\" height=\"48\"\/><\/figure>\n<\/div>\n\n\n<h3 class=\"has-text-align-center has-neve-text-color-color has-text-color wp-block-heading\"><strong>JAKO\u015a\u0106 HD<\/strong><\/h3>\n\n\n\n<p class=\"has-text-align-center has-neve-text-color-color has-text-color\">Wszystkie ekrany PCN wy\u015bwietlaj\u0105 obraz w jako\u015bci High-Definition<\/p>\n<\/div>\n\n\n\n<div class=\"wp-block-column is-layout-flow wp-block-column-is-layout-flow\"><div class=\"wp-block-image icon-style is-style-rounded\">\n<figure class=\"aligncenter is-resized\"><img loading=\"lazy\" decoding=\"async\" src=\"http:\/\/telewizjapasazerow.pl\/wp-content\/themes\/neve\/assets\/img\/starter-content\/icon-03.svg\" alt=\"\" width=\"48\" height=\"48\"\/><\/figure>\n<\/div>\n\n\n<h3 class=\"has-text-align-center has-neve-text-color-color has-text-color wp-block-heading\"><strong><strong>NIEOGRANICZONE MO\u017bLIWO\u015aCI<\/strong><\/strong><\/h3>\n\n\n\n<p class=\"has-text-align-center has-neve-text-color-color has-text-color\">Zapewniamy nieograniczone mo\u017cliwo\u015bci reklamowe Online!<\/p>\n<\/div>\n<\/div>\n\n\n\n<div style=\"height:40px\" aria-hidden=\"true\" class=\"wp-block-spacer\"><\/div>\n<\/div><\/div>\n<\/div><\/div>\n","protected":false},"excerpt":{"rendered":"","protected":false},"author":1,"featured_media":0,"parent":0,"menu_order":0,"comment_status":"closed","ping_status":"closed","template":"","meta":{"neve_meta_sidebar":"","neve_meta_container":"","neve_meta_enable_content_width":"on","neve_meta_content_width":100,"neve_meta_title_alignment":"","neve_meta_author_avatar":"","neve_post_elements_order":"","neve_meta_disable_header":"","neve_meta_disable_footer":"","neve_meta_disable_title":"on","footnotes":""},"class_list":["post-17","page","type-page","status-publish","hentry"],"_links":{"self":[{"href":"http:\/\/platformchannel.pl\/index.php?rest_route=\/wp\/v2\/pages\/17","targetHints":{"allow":["GET"]}}],"collection":[{"href":"http:\/\/platformchannel.pl\/index.php?rest_route=\/wp\/v2\/pages"}],"about":[{"href":"http:\/\/platformchannel.pl\/index.php?rest_route=\/wp\/v2\/types\/page"}],"author":[{"embeddable":true,"href":"http:\/\/platformchannel.pl\/index.php?rest_route=\/wp\/v2\/users\/1"}],"replies":[{"embeddable":true,"href":"http:\/\/platformchannel.pl\/index.php?rest_route=%2Fwp%2Fv2%2Fcomments&post=17"}],"version-history":[{"count":12,"href":"http:\/\/platformchannel.pl\/index.php?rest_route=\/wp\/v2\/pages\/17\/revisions"}],"predecessor-version":[{"id":182,"href":"http:\/\/platformchannel.pl\/index.php?rest_route=\/wp\/v2\/pages\/17\/revisions\/182"}],"wp:attachment":[{"href":"http:\/\/platformchannel.pl\/index.php?rest_route=%2Fwp%2Fv2%2Fmedia&parent=17"}],"curies":[{"name":"wp","href":"https:\/\/api.w.org\/{rel}","templated":true}]}}