{"id":20,"date":"2022-08-12T13:31:49","date_gmt":"2022-08-12T11:31:49","guid":{"rendered":"http:\/\/telewizjapasazerow.pl\/?page_id=20"},"modified":"2022-08-30T16:51:20","modified_gmt":"2022-08-30T14:51:20","slug":"szczegoly-projektu","status":"publish","type":"page","link":"http:\/\/platformchannel.pl\/?page_id=20","title":{"rendered":"Szczeg\u00f3\u0142y Projektu"},"content":{"rendered":"\n<div class=\"wp-block-cover alignfull\" style=\"min-height:320px;aspect-ratio:unset;\"><span aria-hidden=\"true\" class=\"wp-block-cover__background has-nv-site-bg-background-color has-background-dim-100 has-background-dim\"><\/span><div class=\"wp-block-cover__inner-container is-layout-flow wp-block-cover-is-layout-flow\">\n<div class=\"wp-block-group\"><div class=\"wp-block-group__inner-container is-layout-flow wp-block-group-is-layout-flow\">\n<h1 class=\"has-text-align-center has-neve-link-color-color has-text-color wp-block-heading\">Co NAS wyr\u00f3\u017cnia?<\/h1>\n\n\n\n<p class=\"has-text-align-center has-neve-text-color-color has-text-color\" style=\"font-size:30px\">Docieramy dziennie do blisko <strong>500 000 widz\u00f3w dziennie<\/strong>.<\/p>\n\n\n\n<p class=\"has-text-align-center has-neve-text-color-color has-text-color\" style=\"font-size:30px\">Miesi\u0119cznie osi\u0105gamy ogl\u0105dalno\u015b\u0107 na poziomie 15 000 000 widz\u00f3w!<\/p>\n<\/div><\/div>\n<\/div><\/div>\n\n\n\n<div class=\"wp-block-columns is-layout-flex wp-container-core-columns-is-layout-9d6595d7 wp-block-columns-is-layout-flex\">\n<div class=\"wp-block-column has-nv-light-bg-background-color has-text-color has-background has-link-color wp-elements-6ff215a725bbb1922b3eacd8fb2a88e5 is-layout-flow wp-block-column-is-layout-flow\" style=\"color:#000000;padding-top:2em;padding-right:2em;padding-bottom:2em;padding-left:2em\">\n<h2 class=\"has-text-align-center has-neve-link-color-color has-text-color wp-block-heading\" id=\"single\" style=\"font-size:40px\"><strong>Wyj\u0105tkowa lokalizacja<\/strong><\/h2>\n\n\n\n<p class=\"has-neve-link-color-color has-text-color has-normal-font-size\" style=\"line-height:1.5\">Perony PKP to idealne miejsce<br>dla reklamodawc\u00f3w, kt\u00f3rzy poszukuj\u0105 skutecznych i niestandardowych rozwi\u0105za\u0144 dla swoich kampanii.<\/p>\n<\/div>\n\n\n\n<div class=\"wp-block-column has-nv-light-bg-background-color has-text-color has-background has-link-color wp-elements-4a9db8f94cbb2cf5bbedd2dd9284f963 is-layout-flow wp-block-column-is-layout-flow\" style=\"color:#000000;padding-top:2em;padding-right:2em;padding-bottom:2em;padding-left:2em\">\n<h2 class=\"has-text-align-center has-neve-link-color-color has-text-color wp-block-heading\" id=\"single\" style=\"font-size:40px\"><strong>Interesuj\u0105cy content<\/strong><\/h2>\n\n\n\n<p class=\"has-neve-link-color-color has-text-color has-normal-font-size\" style=\"line-height:1.5\">Program PCN tworz\u0105 wiadomo\u015bci stacji Euronews, informacje kulturalne,<br>zwiastuny kinowe oraz zapowiedzi wydarze\u0144 odbywaj\u0105cych si\u0119 na terenie kraju. <\/p>\n\n\n\n<p class=\"has-neve-text-color-color has-text-color\"><strong>Program Telewizji Pasa\u017cer\u00f3w\u00a0 nie jest p\u0119tl\u0105 reklamow\u0105 spot\u00f3w!<\/strong><\/p>\n<\/div>\n\n\n\n<div class=\"wp-block-column has-nv-light-bg-background-color has-text-color has-background has-link-color wp-elements-4ffe32a6016113ebd098fa2901cafd80 is-layout-flow wp-block-column-is-layout-flow\" style=\"color:#000000;padding-top:2em;padding-right:2em;padding-bottom:2em;padding-left:2em\">\n<h2 class=\"has-text-align-center has-neve-link-color-color has-text-color wp-block-heading\" id=\"single\" style=\"font-size:40px\">DWELL TIME<br>&#8211; 15 min<\/h2>\n\n\n\n<p class=\"has-neve-link-color-color has-text-color has-normal-font-size\" style=\"line-height:1.5\">\u015aredni czas oczekiwania na poci\u0105g<br>to 15 min, podczas kt\u00f3rych<br>nasze no\u015bniki w spos\u00f3b nienatr\u0119tny anga\u017cuj\u0105 uwag\u0119 odbiorc\u00f3w.<\/p>\n<\/div>\n<\/div>\n\n\n\n<div class=\"wp-block-cover alignfull\" style=\"min-height:600px;aspect-ratio:unset;\"><span aria-hidden=\"true\" class=\"wp-block-cover__background has-nv-text-dark-bg-background-color has-background-dim-100 has-background-dim\"><\/span><div class=\"wp-block-cover__inner-container is-layout-flow wp-block-cover-is-layout-flow\">\n<div class=\"wp-block-cover alignfull is-light\"><span aria-hidden=\"true\" class=\"wp-block-cover__background has-background-dim-0 has-background-dim\"><\/span><img loading=\"lazy\" decoding=\"async\" width=\"1807\" height=\"1200\" class=\"wp-block-cover__image-background wp-image-159\" alt=\"\" src=\"http:\/\/telewizjapasazerow.pl\/wp-content\/uploads\/2022\/08\/hero-baner-03.jpg\" style=\"object-position:39% 22%\" data-object-fit=\"cover\" data-object-position=\"39% 22%\" srcset=\"http:\/\/platformchannel.pl\/wp-content\/uploads\/2022\/08\/hero-baner-03.jpg 1807w, http:\/\/platformchannel.pl\/wp-content\/uploads\/2022\/08\/hero-baner-03-300x199.jpg 300w, http:\/\/platformchannel.pl\/wp-content\/uploads\/2022\/08\/hero-baner-03-1024x680.jpg 1024w, http:\/\/platformchannel.pl\/wp-content\/uploads\/2022\/08\/hero-baner-03-768x510.jpg 768w, http:\/\/platformchannel.pl\/wp-content\/uploads\/2022\/08\/hero-baner-03-1536x1020.jpg 1536w\" sizes=\"auto, (max-width: 1807px) 100vw, 1807px\" \/><div class=\"wp-block-cover__inner-container is-layout-flow wp-block-cover-is-layout-flow\">\n<p class=\"has-text-align-center has-large-font-size\"><\/p>\n<\/div><\/div>\n\n\n\n<div style=\"height:25px\" aria-hidden=\"true\" class=\"wp-block-spacer\"><\/div>\n\n\n\n<div class=\"wp-block-columns is-layout-flex wp-container-core-columns-is-layout-9d6595d7 wp-block-columns-is-layout-flex\">\n<div class=\"wp-block-column has-nv-light-bg-background-color has-text-color has-background has-link-color wp-elements-0a060b9ed1beb43b60ae1063ecf7d400 is-layout-flow wp-block-column-is-layout-flow\" style=\"color:#000000;padding-top:2em;padding-right:2em;padding-bottom:2em;padding-left:2em\">\n<h2 class=\"has-text-align-center has-neve-link-color-color has-text-color wp-block-heading\" id=\"single\" style=\"font-size:40px\"><strong>Brak dodatkowych koszt\u00f3w<\/strong><\/h2>\n\n\n\n<p class=\"has-neve-link-color-color has-text-color has-normal-font-size\" style=\"line-height:1.5\">Mo\u017cliwo\u015b\u0107 wykorzystania tradycyjnego spotu telewizyjnego sprawia, \u017ce reklamodawcy nie ponosz\u0105 dodatkowych koszt\u00f3w zwi\u0105zanych z przygotowaniem materia\u0142\u00f3w do emisji.<\/p>\n<\/div>\n\n\n\n<div class=\"wp-block-column has-nv-light-bg-background-color has-text-color has-background has-link-color wp-elements-fa18ec453d4e47a7a9c999863b715913 is-layout-flow wp-block-column-is-layout-flow\" style=\"color:#000000;padding-top:2em;padding-right:2em;padding-bottom:2em;padding-left:2em\">\n<h2 class=\"has-text-align-center has-neve-link-color-color has-text-color wp-block-heading\" id=\"single\" style=\"font-size:40px\"><strong><strong>Jedyna Telewizja Pasa\u017cer\u00f3w<\/strong><\/strong><\/h2>\n\n\n\n<p class=\"has-neve-link-color-color has-text-color has-normal-font-size\" style=\"line-height:1.5\">Jako jedyni posiadamy no\u015bniki reklamowe na peronach PKP w ca\u0142ej Polsce.<\/p>\n\n\n\n<p class=\"has-neve-text-color-color has-text-color\"><strong>Brak innych no\u015bnik\u00f3w reklamowych na peronach!<\/strong><\/p>\n<\/div>\n\n\n\n<div class=\"wp-block-column has-nv-light-bg-background-color has-text-color has-background has-link-color wp-elements-889b5b5ca8cfdbf2ff7410de0153b58c is-layout-flow wp-block-column-is-layout-flow\" style=\"color:#000000;padding-top:2em;padding-right:2em;padding-bottom:2em;padding-left:2em\">\n<h2 class=\"has-text-align-center has-neve-link-color-color has-text-color wp-block-heading\" id=\"single\" style=\"font-size:40px\">Jako\u015b\u0107 HD i nieograniczone mo\u017cliwo\u015bci<\/h2>\n\n\n\n<p class=\"has-neve-link-color-color has-text-color has-normal-font-size\" style=\"line-height:1.5\">Wszystkie ekrany PCN wy\u015bwietlaj\u0105 obraz w jako\u015bci High-Definition. Zapewniamy r\u00f3wnie\u017c nieograniczone mo\u017cliwo\u015bci reklamowe Online!<\/p>\n<\/div>\n<\/div>\n<\/div><\/div>\n\n\n\n<div class=\"wp-block-cover alignfull\" style=\"min-height:300px;aspect-ratio:unset;\"><span aria-hidden=\"true\" class=\"wp-block-cover__background has-nv-dark-bg-background-color has-background-dim-100 has-background-dim\"><\/span><div class=\"wp-block-cover__inner-container is-layout-flow wp-block-cover-is-layout-flow\">\n<div style=\"height:140px\" aria-hidden=\"true\" class=\"wp-block-spacer\"><\/div>\n\n\n\n<h2 class=\"has-text-align-center has-nv-text-dark-bg-color has-text-color wp-block-heading\">Tw\u00f3j sukces na naszych ekranach.<br>W ca\u0142ej Polsce!<\/h2>\n\n\n\n<p class=\"has-text-align-center has-medium-font-size\">Je\u015bli potrzebujesz dodatkowych informacji w sprawie wsp\u00f3\u0142pracy z&nbsp;<strong>Platform Channel<\/strong>,&nbsp; skontaktuj si\u0119 z naszym Biurem Reklamy!<\/p>\n\n\n\n<div class=\"wp-block-buttons is-content-justification-center is-layout-flex wp-container-core-buttons-is-layout-16018d1d wp-block-buttons-is-layout-flex\">\n<div class=\"wp-block-button is-style-primary\"><a class=\"wp-block-button__link\" href=\"http:\/\/telewizjapasazerow.pl\/?page_id=18\">SKONTAKTUJ SI\u0118 Z NAMI!<\/a><\/div>\n<\/div>\n\n\n\n<div style=\"height:140px\" aria-hidden=\"true\" class=\"wp-block-spacer\"><\/div>\n<\/div><\/div>\n","protected":false},"excerpt":{"rendered":"<p>Wyj\u0105tkowa lokalizacja Perony PKP to idealne miejscedla reklamodawc\u00f3w, kt\u00f3rzy poszukuj\u0105 skutecznych i niestandardowych rozwi\u0105za\u0144 dla swoich kampanii. Interesuj\u0105cy content Program PCN tworz\u0105 wiadomo\u015bci stacji Euronews, informacje kulturalne,zwiastuny kinowe oraz zapowiedzi wydarze\u0144 odbywaj\u0105cych si\u0119 na terenie kraju. Program Telewizji Pasa\u017cer\u00f3w\u00a0 nie jest p\u0119tl\u0105 reklamow\u0105 spot\u00f3w! DWELL TIME&#8211; 15 min \u015aredni czas oczekiwania na poci\u0105gto 15 min,&hellip;&nbsp;<a href=\"http:\/\/platformchannel.pl\/?page_id=20\" class=\"\" rel=\"bookmark\">Read More &raquo;<span class=\"screen-reader-text\">Szczeg\u00f3\u0142y Projektu<\/span><\/a><\/p>\n","protected":false},"author":1,"featured_media":0,"parent":0,"menu_order":0,"comment_status":"closed","ping_status":"closed","template":"","meta":{"neve_meta_sidebar":"","neve_meta_container":"","neve_meta_enable_content_width":"on","neve_meta_content_width":100,"neve_meta_title_alignment":"","neve_meta_author_avatar":"","neve_post_elements_order":"","neve_meta_disable_header":"","neve_meta_disable_footer":"","neve_meta_disable_title":"on","footnotes":""},"class_list":["post-20","page","type-page","status-publish","hentry"],"_links":{"self":[{"href":"http:\/\/platformchannel.pl\/index.php?rest_route=\/wp\/v2\/pages\/20","targetHints":{"allow":["GET"]}}],"collection":[{"href":"http:\/\/platformchannel.pl\/index.php?rest_route=\/wp\/v2\/pages"}],"about":[{"href":"http:\/\/platformchannel.pl\/index.php?rest_route=\/wp\/v2\/types\/page"}],"author":[{"embeddable":true,"href":"http:\/\/platformchannel.pl\/index.php?rest_route=\/wp\/v2\/users\/1"}],"replies":[{"embeddable":true,"href":"http:\/\/platformchannel.pl\/index.php?rest_route=%2Fwp%2Fv2%2Fcomments&post=20"}],"version-history":[{"count":19,"href":"http:\/\/platformchannel.pl\/index.php?rest_route=\/wp\/v2\/pages\/20\/revisions"}],"predecessor-version":[{"id":166,"href":"http:\/\/platformchannel.pl\/index.php?rest_route=\/wp\/v2\/pages\/20\/revisions\/166"}],"wp:attachment":[{"href":"http:\/\/platformchannel.pl\/index.php?rest_route=%2Fwp%2Fv2%2Fmedia&parent=20"}],"curies":[{"name":"wp","href":"https:\/\/api.w.org\/{rel}","templated":true}]}}